{"id":117,"date":"2020-01-06T00:04:39","date_gmt":"2020-01-05T23:04:39","guid":{"rendered":"https:\/\/naturheilpraxis-markus-hesse.de\/?page_id=117"},"modified":"2020-01-06T00:04:39","modified_gmt":"2020-01-05T23:04:39","slug":"tao-zi","status":"publish","type":"page","link":"https:\/\/naturheilpraxis-markus-hesse.de\/?page_id=117","title":{"rendered":"Tao Zi"},"content":{"rendered":"\n<p>Ist eine Kr\u00e4uterstempelmassage\nund kommt aus dem asiatischen Raum und wurde fr\u00fcher bei Kriegern angewandt. <\/p>\n\n\n\n<p>Es wird\nindividuell eine Kr\u00e4utermischungen ausgew\u00e4hlt. Je nach Befund, anregend\/\nberuhigend oder ausgleichend.<\/p>\n\n\n\n<p>Die Stempel\nentfalten ihre Wirkung in dem erhitzten Basis\u00f6l. <\/p>\n\n\n\n<p>Die Anwendung salbt\nK\u00f6rper, Geist und Seele. Der wundervolle Kr\u00e4uterduft umschmiegt Ihre Sinne.<\/p>\n\n\n\n<p>Die W\u00e4rme lockert\nVerspannungen und st\u00e4rkt&nbsp; das\nImmunsystem. Es tr\u00e4gt zum Wohlbefinden bei und ist wunderbar um Hektik und Stress\nmal wieder zu vergessen.<\/p>\n\n\n\n<p>Es findet eine\nAktivierung und Neubildung der Hautzellen statt, sowie eine Anregung der\nSelbstheilungskr\u00e4fte.<\/p>\n\n\n\n<p>Auch die inneren\nOrgane werden \u00fcber reflektorische Wege angeregt. <\/p>\n\n\n\n<p>Es ist wie ein\nkleiner Kurzurlaub.<\/p>\n\n\n\n<p>Dauer: ca. 1 \u00bd\nStd. <\/p>\n","protected":false},"excerpt":{"rendered":"<p>Ist eine Kr\u00e4uterstempelmassage und kommt aus dem asiatischen Raum und wurde fr\u00fcher bei Kriegern angewandt. Es wird individuell eine Kr\u00e4utermischungen ausgew\u00e4hlt. Je nach Befund, anregend\/ beruhigend oder ausgleichend. Die Stempel entfalten ihre Wirkung in dem erhitzten Basis\u00f6l. Die Anwendung salbt K\u00f6rper, Geist und Seele. Der wundervolle Kr\u00e4uterduft umschmiegt Ihre Sinne. Die W\u00e4rme lockert Verspannungen und &hellip; <\/p>\n<p class=\"link-more\"><a href=\"https:\/\/naturheilpraxis-markus-hesse.de\/?page_id=117\" class=\"more-link\"><span class=\"screen-reader-text\">\u201eTao Zi\u201c<\/span> weiterlesen<\/a><\/p>\n","protected":false},"author":1,"featured_media":0,"parent":0,"menu_order":0,"comment_status":"closed","ping_status":"closed","template":"","meta":{"footnotes":""},"class_list":["post-117","page","type-page","status-publish","hentry"],"_links":{"self":[{"href":"https:\/\/naturheilpraxis-markus-hesse.de\/index.php?rest_route=\/wp\/v2\/pages\/117","targetHints":{"allow":["GET"]}}],"collection":[{"href":"https:\/\/naturheilpraxis-markus-hesse.de\/index.php?rest_route=\/wp\/v2\/pages"}],"about":[{"href":"https:\/\/naturheilpraxis-markus-hesse.de\/index.php?rest_route=\/wp\/v2\/types\/page"}],"author":[{"embeddable":true,"href":"https:\/\/naturheilpraxis-markus-hesse.de\/index.php?rest_route=\/wp\/v2\/users\/1"}],"replies":[{"embeddable":true,"href":"https:\/\/naturheilpraxis-markus-hesse.de\/index.php?rest_route=%2Fwp%2Fv2%2Fcomments&post=117"}],"version-history":[{"count":1,"href":"https:\/\/naturheilpraxis-markus-hesse.de\/index.php?rest_route=\/wp\/v2\/pages\/117\/revisions"}],"predecessor-version":[{"id":119,"href":"https:\/\/naturheilpraxis-markus-hesse.de\/index.php?rest_route=\/wp\/v2\/pages\/117\/revisions\/119"}],"wp:attachment":[{"href":"https:\/\/naturheilpraxis-markus-hesse.de\/index.php?rest_route=%2Fwp%2Fv2%2Fmedia&parent=117"}],"curies":[{"name":"wp","href":"https:\/\/api.w.org\/{rel}","templated":true}]}}