{"id":162,"date":"2020-01-06T01:05:07","date_gmt":"2020-01-06T00:05:07","guid":{"rendered":"https:\/\/naturheilpraxis-markus-hesse.de\/?page_id=162"},"modified":"2025-04-09T15:11:40","modified_gmt":"2025-04-09T14:11:40","slug":"relaxmassage","status":"publish","type":"page","link":"https:\/\/naturheilpraxis-markus-hesse.de\/?page_id=162","title":{"rendered":"Relaxmassage"},"content":{"rendered":"\n<p>Das ist eine sanfte Massage f\u00fcr den R\u00fccken. Was zur Entspannung und Steigerung des Wohlbefindens dient. Die Massage wirkt muskellockernd, entschlackend und leicht entgiftend f\u00fcr die Haut. Auch wenn man dies nicht mit einer med. Klassischen Massage vergleichen kann, hat sie einen Einfluss auf den ganzen R\u00fccken.<\/p>\n\n\n<div class=\"wp-block-image\">\n<figure class=\"alignright size-large is-resized\"><img loading=\"lazy\" decoding=\"async\" width=\"1024\" height=\"745\" src=\"https:\/\/naturheilpraxis-markus-hesse.de\/wp-content\/uploads\/2020\/02\/relax-massagen-1024x745.png\" alt=\"\" class=\"wp-image-190\" style=\"width:358px;height:260px\" srcset=\"https:\/\/naturheilpraxis-markus-hesse.de\/wp-content\/uploads\/2020\/02\/relax-massagen-1024x745.png 1024w, https:\/\/naturheilpraxis-markus-hesse.de\/wp-content\/uploads\/2020\/02\/relax-massagen-300x218.png 300w, https:\/\/naturheilpraxis-markus-hesse.de\/wp-content\/uploads\/2020\/02\/relax-massagen-768x559.png 768w, https:\/\/naturheilpraxis-markus-hesse.de\/wp-content\/uploads\/2020\/02\/relax-massagen.png 1200w\" sizes=\"auto, (max-width: 767px) 89vw, (max-width: 1000px) 54vw, (max-width: 1071px) 543px, 580px\" \/><\/figure><\/div>\n\n\n<p>Sie d\u00fcrfen sich f\u00fcr die Massage eine sch\u00f6ne Lotion ganz nach ihrem Geschmack ausw\u00e4hlen.<\/p>\n\n\n\n<p>Sie sind verspannt und gestresst von Alltag? M\u00f6chten Sie Ihren Arbeitstag hinter sich lassen? Diese halbst\u00fcndige Massage l\u00e4sst Sie entspannen und stimmt Sie auf Ihren Feierabend ein. \u00a0Dann ist dies genau das richtige. K\u00f6nnen sie sich eine Erholung und tanken sie etwas Kraft.<\/p>\n\n\n\n<p>Die Massage\nDauert ca. 30 min. <\/p>\n","protected":false},"excerpt":{"rendered":"<p>Das ist eine sanfte Massage f\u00fcr den R\u00fccken. Was zur Entspannung und Steigerung des Wohlbefindens dient. Die Massage wirkt muskellockernd, entschlackend und leicht entgiftend f\u00fcr die Haut. Auch wenn man dies nicht mit einer med. Klassischen Massage vergleichen kann, hat sie einen Einfluss auf den ganzen R\u00fccken. Sie d\u00fcrfen sich f\u00fcr die Massage eine sch\u00f6ne &hellip; <\/p>\n<p class=\"link-more\"><a href=\"https:\/\/naturheilpraxis-markus-hesse.de\/?page_id=162\" class=\"more-link\"><span class=\"screen-reader-text\">\u201eRelaxmassage\u201c<\/span> weiterlesen<\/a><\/p>\n","protected":false},"author":1,"featured_media":0,"parent":0,"menu_order":0,"comment_status":"closed","ping_status":"closed","template":"","meta":{"footnotes":""},"class_list":["post-162","page","type-page","status-publish","hentry"],"_links":{"self":[{"href":"https:\/\/naturheilpraxis-markus-hesse.de\/index.php?rest_route=\/wp\/v2\/pages\/162","targetHints":{"allow":["GET"]}}],"collection":[{"href":"https:\/\/naturheilpraxis-markus-hesse.de\/index.php?rest_route=\/wp\/v2\/pages"}],"about":[{"href":"https:\/\/naturheilpraxis-markus-hesse.de\/index.php?rest_route=\/wp\/v2\/types\/page"}],"author":[{"embeddable":true,"href":"https:\/\/naturheilpraxis-markus-hesse.de\/index.php?rest_route=\/wp\/v2\/users\/1"}],"replies":[{"embeddable":true,"href":"https:\/\/naturheilpraxis-markus-hesse.de\/index.php?rest_route=%2Fwp%2Fv2%2Fcomments&post=162"}],"version-history":[{"count":3,"href":"https:\/\/naturheilpraxis-markus-hesse.de\/index.php?rest_route=\/wp\/v2\/pages\/162\/revisions"}],"predecessor-version":[{"id":277,"href":"https:\/\/naturheilpraxis-markus-hesse.de\/index.php?rest_route=\/wp\/v2\/pages\/162\/revisions\/277"}],"wp:attachment":[{"href":"https:\/\/naturheilpraxis-markus-hesse.de\/index.php?rest_route=%2Fwp%2Fv2%2Fmedia&parent=162"}],"curies":[{"name":"wp","href":"https:\/\/api.w.org\/{rel}","templated":true}]}}