{"id":198,"date":"2020-02-07T01:54:49","date_gmt":"2020-02-07T00:54:49","guid":{"rendered":"https:\/\/naturheilpraxis-markus-hesse.de\/?page_id=198"},"modified":"2025-04-09T15:53:17","modified_gmt":"2025-04-09T14:53:17","slug":"vitalstoffe","status":"publish","type":"page","link":"https:\/\/naturheilpraxis-markus-hesse.de\/?page_id=198","title":{"rendered":"Vitalstoff spritzen"},"content":{"rendered":"\n<p>Oft besteht ein Mangel an Vitalstoffen, wie z.B. Vitamin B. Dies ist eins der wichtigsten Vitamine f\u00fcr die Nerven- und das Immunsystem. Leider kann man einen Mangel nicht immer durch gesunde Nahrung ausgleichen und unser K\u00f6rper ist auch manchmal nicht in der Lage Vitamine \u00fcber die Darmschleimhaut aufzunehmen. Unser Lebenswandel und viel Stress sorgen auch daf\u00fcr, dass Vitamine schnell verbraucht werden.<\/p>\n\n\n\n<p>Ein Mangel daran kann zu folgenden Symptomen f\u00fchren:<\/p>\n\n\n\n<ul class=\"wp-block-list\">\n<li>Leistungs- Konzentrationsschw\u00e4che<\/li>\n\n\n\n<li>Immunschw\u00e4che<\/li>\n\n\n\n<li>\u00d6deme<\/li>\n\n\n\n<li>Abgeschlagenheit und M\u00fcdigkeit<\/li>\n\n\n\n<li>u.v.m.<\/li>\n<\/ul>\n\n\n\n<p>Um dieses Anzugleichen w\u00e4ren Vitalstoffspritzen eine gute M\u00f6glichkeit. Diese sind wie ein Depot im Muskel angelegt und man muss nichts mehr zus\u00e4tzlich einnehmen.&nbsp; Die Wirkung h\u00e4lt ca. bis zu 2 Wochen an.<\/p>\n","protected":false},"excerpt":{"rendered":"<p>Oft besteht ein Mangel an Vitalstoffen, wie z.B. Vitamin B. Dies ist eins der wichtigsten Vitamine f\u00fcr die Nerven- und das Immunsystem. Leider kann man einen Mangel nicht immer durch gesunde Nahrung ausgleichen und unser K\u00f6rper ist auch manchmal nicht in der Lage Vitamine \u00fcber die Darmschleimhaut aufzunehmen. Unser Lebenswandel und viel Stress sorgen auch &hellip; <\/p>\n<p class=\"link-more\"><a href=\"https:\/\/naturheilpraxis-markus-hesse.de\/?page_id=198\" class=\"more-link\"><span class=\"screen-reader-text\">\u201eVitalstoff spritzen\u201c<\/span> weiterlesen<\/a><\/p>\n","protected":false},"author":1,"featured_media":0,"parent":0,"menu_order":0,"comment_status":"closed","ping_status":"closed","template":"","meta":{"footnotes":""},"class_list":["post-198","page","type-page","status-publish","hentry"],"_links":{"self":[{"href":"https:\/\/naturheilpraxis-markus-hesse.de\/index.php?rest_route=\/wp\/v2\/pages\/198","targetHints":{"allow":["GET"]}}],"collection":[{"href":"https:\/\/naturheilpraxis-markus-hesse.de\/index.php?rest_route=\/wp\/v2\/pages"}],"about":[{"href":"https:\/\/naturheilpraxis-markus-hesse.de\/index.php?rest_route=\/wp\/v2\/types\/page"}],"author":[{"embeddable":true,"href":"https:\/\/naturheilpraxis-markus-hesse.de\/index.php?rest_route=\/wp\/v2\/users\/1"}],"replies":[{"embeddable":true,"href":"https:\/\/naturheilpraxis-markus-hesse.de\/index.php?rest_route=%2Fwp%2Fv2%2Fcomments&post=198"}],"version-history":[{"count":6,"href":"https:\/\/naturheilpraxis-markus-hesse.de\/index.php?rest_route=\/wp\/v2\/pages\/198\/revisions"}],"predecessor-version":[{"id":303,"href":"https:\/\/naturheilpraxis-markus-hesse.de\/index.php?rest_route=\/wp\/v2\/pages\/198\/revisions\/303"}],"wp:attachment":[{"href":"https:\/\/naturheilpraxis-markus-hesse.de\/index.php?rest_route=%2Fwp%2Fv2%2Fmedia&parent=198"}],"curies":[{"name":"wp","href":"https:\/\/api.w.org\/{rel}","templated":true}]}}